{"id":15,"date":"2018-04-22T00:14:11","date_gmt":"2018-04-22T00:14:11","guid":{"rendered":"https:\/\/www.donacionlgccc.com\/?page_id=15"},"modified":"2024-02-01T11:58:41","modified_gmt":"2024-02-01T15:58:41","slug":"dashboard","status":"publish","type":"page","link":"https:\/\/www.donacionlgccc.com\/en\/","title":{"rendered":"Donaci\u00f3n GCC"},"content":{"rendered":"<br \/>Si usted es un usuario nuevo. y no se ha registrado, tiene que crear un registro y\/o un perfil nuevo para poder acceder a realizar una donaci\u00f3n, historial de donaci\u00f3n, descargar certificaciones de donaciones, etc.<br \/>\n<p>Para el desarrollo del proyecto de\u00a0<em>La\u00a0Gran Carpa Catedral, Corp.<\/em>, en la expansi\u00f3n de la labor social y evangel\u00edstica, soportada en una plataforma tecnol\u00f3gica y de infraestructura: personas naturales y jur\u00eddicas han contribuido de manera voluntaria para el logro de los objetivos.<\/p>\n<p>Si usted se siente identificado con nuestra labor y desea aportar a esta importante causa, puede hacerlo en el siguiente enlace:<\/p>\n<p><a class=\"donatebutton\" href=\"https:\/\/www.donacionlgccc.com\/en\/new-donation\/\">Register New Donation<\/a><\/p>","protected":false},"excerpt":{"rendered":"<p>Para el desarrollo del proyecto de\u00a0La\u00a0Gran Carpa Catedral, Corp., en la expansi\u00f3n de la labor social y evangel\u00edstica, soportada en una plataforma tecnol\u00f3gica y de infraestructura: personas naturales y jur\u00eddicas han contribuido de manera voluntaria para el logro de los objetivos. Si usted se siente identificado con nuestra labor y desea aportar a esta importante [&hellip;]<\/p>","protected":false},"author":5,"featured_media":0,"parent":0,"menu_order":0,"comment_status":"closed","ping_status":"closed","template":"","meta":{"_acf_changed":false,"site-sidebar-layout":"default","site-content-layout":"","ast-site-content-layout":"","site-content-style":"default","site-sidebar-style":"default","ast-global-header-display":"","ast-banner-title-visibility":"","ast-main-header-display":"","ast-hfb-above-header-display":"","ast-hfb-below-header-display":"","ast-hfb-mobile-header-display":"","site-post-title":"","ast-breadcrumbs-content":"","ast-featured-img":"","footer-sml-layout":"","theme-transparent-header-meta":"","adv-header-id-meta":"","stick-header-meta":"","header-above-stick-meta":"","header-main-stick-meta":"","header-below-stick-meta":"","astra-migrate-meta-layouts":"default","ast-page-background-enabled":"default","ast-page-background-meta":{"desktop":{"background-color":"var(--ast-global-color-4)","background-image":"","background-repeat":"repeat","background-position":"center center","background-size":"auto","background-attachment":"scroll","background-type":"","background-media":"","overlay-type":"","overlay-color":"","overlay-opacity":"","overlay-gradient":""},"tablet":{"background-color":"","background-image":"","background-repeat":"repeat","background-position":"center center","background-size":"auto","background-attachment":"scroll","background-type":"","background-media":"","overlay-type":"","overlay-color":"","overlay-opacity":"","overlay-gradient":""},"mobile":{"background-color":"","background-image":"","background-repeat":"repeat","background-position":"center center","background-size":"auto","background-attachment":"scroll","background-type":"","background-media":"","overlay-type":"","overlay-color":"","overlay-opacity":"","overlay-gradient":""}},"ast-content-background-meta":{"desktop":{"background-color":"var(--ast-global-color-5)","background-image":"","background-repeat":"repeat","background-position":"center center","background-size":"auto","background-attachment":"scroll","background-type":"","background-media":"","overlay-type":"","overlay-color":"","overlay-opacity":"","overlay-gradient":""},"tablet":{"background-color":"var(--ast-global-color-5)","background-image":"","background-repeat":"repeat","background-position":"center center","background-size":"auto","background-attachment":"scroll","background-type":"","background-media":"","overlay-type":"","overlay-color":"","overlay-opacity":"","overlay-gradient":""},"mobile":{"background-color":"var(--ast-global-color-5)","background-image":"","background-repeat":"repeat","background-position":"center center","background-size":"auto","background-attachment":"scroll","background-type":"","background-media":"","overlay-type":"","overlay-color":"","overlay-opacity":"","overlay-gradient":""}},"footnotes":""},"class_list":["post-15","page","type-page","status-publish","hentry"],"acf":[],"_links":{"self":[{"href":"https:\/\/www.donacionlgccc.com\/en\/wp-json\/wp\/v2\/pages\/15"}],"collection":[{"href":"https:\/\/www.donacionlgccc.com\/en\/wp-json\/wp\/v2\/pages"}],"about":[{"href":"https:\/\/www.donacionlgccc.com\/en\/wp-json\/wp\/v2\/types\/page"}],"author":[{"embeddable":true,"href":"https:\/\/www.donacionlgccc.com\/en\/wp-json\/wp\/v2\/users\/5"}],"replies":[{"embeddable":true,"href":"https:\/\/www.donacionlgccc.com\/en\/wp-json\/wp\/v2\/comments?post=15"}],"version-history":[{"count":2,"href":"https:\/\/www.donacionlgccc.com\/en\/wp-json\/wp\/v2\/pages\/15\/revisions"}],"predecessor-version":[{"id":87390,"href":"https:\/\/www.donacionlgccc.com\/en\/wp-json\/wp\/v2\/pages\/15\/revisions\/87390"}],"wp:attachment":[{"href":"https:\/\/www.donacionlgccc.com\/en\/wp-json\/wp\/v2\/media?parent=15"}],"curies":[{"name":"wp","href":"https:\/\/api.w.org\/{rel}","templated":true}]}}